{"id":15,"date":"2014-02-08T19:52:10","date_gmt":"2014-02-08T17:52:10","guid":{"rendered":"http:\/\/www.paradigma-it.de\/wordpress\/?page_id=15"},"modified":"2014-02-12T15:42:13","modified_gmt":"2014-02-12T13:42:13","slug":"referenzen","status":"publish","type":"page","link":"http:\/\/www.paradigma-it.de\/?page_id=15","title":{"rendered":"REFERENZEN"},"content":{"rendered":"\n<table id=\"tablepress-4\" class=\"tablepress tablepress-id-4\">\n<thead>\n<tr class=\"row-1 odd\">\n\t<th class=\"column-1\" style=\"width:22%;\"><font size=\"+1\"><b>KUNDE<\/b><\/font><\/th><th class=\"column-2\" style=\"width:;\"><font size=\"+1\"><b>PROJEKT<\/b><\/font><\/th><th colspan=\"2\" class=\"column-3\" style=\"width:24%;\"><font size=\"+1\"><b>KONTAKTDATEN<\/b><\/font><\/th>\n<\/tr>\n<\/thead>\n<tbody class=\"row-hover\">\n<tr class=\"row-2 even\">\n\t<td class=\"column-1\"><a target=\"_blank\" href=\"http:\/\/www.ligbau.de\"><img src=\"http:\/\/www.paradigma-it.de\/wp-content\/uploads\/2014\/02\/ligbau_logo.png\" alt=\"\" width=\"159\" height=\"88\" class=\"alignleft size-full wp-image-141\" \/><\/a><\/td><td class=\"column-2\"><font size=\"+1\"><strong> Aufbau Windows 2012 R2 Essentials Dom\u00e4ne (virtualisiert)<br>(Beratung, Dienstleistung, Administration)<\/strong><\/font><br \/>\n- Planung und Aufbau der Infrastruktur zur Virtualisierung<br \/>\n- Aufbau der Windows Server 2012 R2 Essentials Infrastruktur<br \/>\n- Migration aller System von Workgroup in Dom\u00e4ne<br \/>\n- Windows 7 Clients (u.a. mit DATEV, AutoCAD)<br \/>\n- Backup der Daten und Betriebssysteme<br \/>\n- Synchronisation von MS Outlook und iPhone \/ iPad \/ iCloud<br \/>\n- Redundante WAN Anbindung (Glasfaser, DSL)<br \/>\n- Anbindung von Remote Arbeitspl\u00e4tzen<br \/>\n- Anbindung und Vernetzung der Baustellen<br \/>\n- Dokumentation des Baufortschritts mittels Video\u00fcberwachung<br \/>\n- Softwareentwicklung Angebotskalkulation (MS EXCEL mit Visual Basic)<br \/>\n- Betreuung Webseite (CMS)<\/td><td class=\"column-3\">Tel.:<br\/>Fax:<br\/>E-Mail:<br\/>Web:<\/td><td class=\"column-4\">+49 (6103) 8332 00<br\/>+49 (6103) 8332 29<br\/>ligbau@ligbau.de<br\/>www.ligbau.de<\/td>\n<\/tr>\n<tr class=\"row-3 odd\">\n\t<td class=\"column-1\"><a target=\"_blank\" href=\"http:\/\/www.ligbau.de\"><img src=\"http:\/\/www.paradigma-it.de\/wp-content\/uploads\/2014\/02\/ligbau_logo.png\" alt=\"\" width=\"159\" height=\"88\" class=\"alignleft size-full wp-image-141\" \/><\/a><\/td><td class=\"column-2\"><font size=\"+1\"><strong> Zentralisierung \/ Synchronisation von Kontaktdaten, Kalendern, Aufgaben (Open Source)<br>(Beratung, Dienstleistung, Administration)<\/strong><\/font><br \/>\n- Ubuntu 16.04 LTS Server (LAMP), ownCloud, MS Active Directory (LDAP)<br \/>\n- Konsolidierung \/ Zentralisierung \/ Synchronisation von Kontakten, Kalendern,<br \/>\n&nbsp;&nbsp;Aufgaben<br \/>\n&nbsp;&nbsp;- Endger\u00e4te Mitarbeiter<br \/>\n&nbsp;&nbsp;&nbsp;&nbsp;(MS Outlook, Apple iPhone \/ iPad, Samsung Galaxy)<br \/>\n&nbsp;&nbsp;- zentrale Kontaktdaten<br \/>\n&nbsp;&nbsp;- zentrale Kalender f\u00fcr Urlaub \/ Besprechungsr\u00e4ume<\/td><td class=\"column-3\">Tel.:<br\/>Fax:<br\/>E-Mail:<br\/>Web:<\/td><td class=\"column-4\">+49 (6103) 8332 00<br\/>+49 (6103) 8332 29<br\/>ligbau@ligbau.de<br\/>www.ligbau.de<\/td>\n<\/tr>\n<tr class=\"row-4 even\">\n\t<td class=\"column-1\"><a target=\"_blank\" href=\"http:\/\/www.paradigma-it.de\"><img src=\"http:\/\/www.paradigma-it.de\/wp-content\/uploads\/2015\/06\/anonym2.png\" alt=\"\" width=\"159\" height=\"159\" class=\"alignleft size-full wp-image-141\" \/><\/a><\/td><td class=\"column-2\"><font size=\"+1\"><strong>Upgrade Windows 2008 R2 Enterprise Dom\u00e4ne auf Windows 2012 R2 Essentials<br>(Beratung, Dienstleistung, Administration)<\/strong><\/font><br \/>\n- Migration der bestehenden Windows Public Key Infrastructure (PKI)<br \/>\n- Backup der Daten und Betriebssysteme<br \/>\n<\/td><td class=\"column-3\">Tel.:<br\/>Fax:<br\/>E-Mail:<br\/>Web:<\/td><td class=\"column-4\">+49 (6151) 1596570<br\/>+49 (3222) 3765 374 29<br\/>info@paradigma-it.de<br\/>www.paradigma-it.de<\/td>\n<\/tr>\n<tr class=\"row-5 odd\">\n\t<td class=\"column-1\"><a target=\"_blank\" href=\"http:\/\/www.paradigma-it.de\"><img src=\"http:\/\/www.paradigma-it.de\/wp-content\/uploads\/2015\/06\/anonym2.png\" alt=\"\" width=\"159\" height=\"159\" class=\"alignleft size-full wp-image-141\" \/><\/a><\/td><td class=\"column-2\"><font size=\"+1\"><strong>Einf\u00fchrung von Endpoint Security<br>(Beratung, Dienstleistung)<\/strong><\/font><br \/>\n- Verschl\u00fcsselung der Notebooks (FDE) von Gesch\u00e4ftsleitung und Au\u00dfendienst<br \/>\n- Unternehmensweite AV L\u00f6sung<br \/>\n- Unternehmensweite Port-Control L\u00f6sung<\/td><td class=\"column-3\">Tel.:<br\/>Fax:<br\/>E-Mail:<br\/>Web:<\/td><td class=\"column-4\">+49 (6151) 1596570<br\/>+49 (3222) 3765 374 29<br\/>info@paradigma-it.de<br\/>www.paradigma-it.de<\/td>\n<\/tr>\n<tr class=\"row-6 even\">\n\t<td class=\"column-1\"><a target=\"_blank\" href=\"http:\/\/www.paradigma-it.de\"><img src=\"http:\/\/www.paradigma-it.de\/wp-content\/uploads\/2015\/06\/anonym2.png\" alt=\"\" width=\"159\" height=\"159\" class=\"alignleft size-full wp-image-141\" \/><\/a><\/td><td class=\"column-2\"><font size=\"+1\"><strong>Konsolidierung zweier Windows 2012 R2 Dom\u00e4nen<br>(Beratung, Dienstleistung, Administration)<\/strong><\/font><br \/>\n- Aufbau der neuen Windows Server 2012 R2 Infrastruktur<br \/>\n- Upgrade der Windows 7 Profile auf Windows 10<br \/>\n- Migration der Windows 10 Benutzer Profile in neue Dom\u00e4ne<\/td><td class=\"column-3\">Tel.:<br\/>Fax:<br\/>E-Mail:<br\/>Web:<\/td><td class=\"column-4\">+49 (6151) 1596570<br\/>+49 (3222) 3765 374 29<br\/>info@paradigma-it.de<br\/>www.paradigma-it.de<\/td>\n<\/tr>\n<\/tbody>\n<\/table>\n<!-- #tablepress-4 from cache -->\n","protected":false},"excerpt":{"rendered":"","protected":false},"author":1,"featured_media":0,"parent":0,"menu_order":5,"comment_status":"closed","ping_status":"closed","template":"page-templates\/full-width.php","meta":[],"_links":{"self":[{"href":"http:\/\/www.paradigma-it.de\/index.php?rest_route=\/wp\/v2\/pages\/15"}],"collection":[{"href":"http:\/\/www.paradigma-it.de\/index.php?rest_route=\/wp\/v2\/pages"}],"about":[{"href":"http:\/\/www.paradigma-it.de\/index.php?rest_route=\/wp\/v2\/types\/page"}],"author":[{"embeddable":true,"href":"http:\/\/www.paradigma-it.de\/index.php?rest_route=\/wp\/v2\/users\/1"}],"replies":[{"embeddable":true,"href":"http:\/\/www.paradigma-it.de\/index.php?rest_route=%2Fwp%2Fv2%2Fcomments&post=15"}],"version-history":[{"count":15,"href":"http:\/\/www.paradigma-it.de\/index.php?rest_route=\/wp\/v2\/pages\/15\/revisions"}],"predecessor-version":[{"id":276,"href":"http:\/\/www.paradigma-it.de\/index.php?rest_route=\/wp\/v2\/pages\/15\/revisions\/276"}],"wp:attachment":[{"href":"http:\/\/www.paradigma-it.de\/index.php?rest_route=%2Fwp%2Fv2%2Fmedia&parent=15"}],"curies":[{"name":"wp","href":"https:\/\/api.w.org\/{rel}","templated":true}]}}