{"id":17,"date":"2014-02-08T19:52:26","date_gmt":"2014-02-08T17:52:26","guid":{"rendered":"http:\/\/www.paradigma-it.de\/wordpress\/?page_id=17"},"modified":"2018-12-10T06:42:04","modified_gmt":"2018-12-10T04:42:04","slug":"ueber-uns","status":"publish","type":"page","link":"http:\/\/www.paradigma-it.de\/?page_id=17","title":{"rendered":"WIR"},"content":{"rendered":"\n<table id=\"tablepress-3\" class=\"tablepress tablepress-id-3\">\n<thead>\n<tr class=\"row-1 odd\">\n\t<th class=\"column-1\" style=\"width:;\"><\/th><th class=\"column-2\" style=\"width:;\"><font size=\"+1\"><b>FUNKTION<\/b><\/font><\/th><th colspan=\"2\" class=\"column-3\" style=\"width:32%;\"><font size=\"+1\"><b>KONTAKTDATEN<\/b><\/font><\/th>\n<\/tr>\n<\/thead>\n<tbody class=\"row-hover\">\n<tr class=\"row-2 even\">\n\t<td rowspan=\"2\" class=\"column-1\"><br><img src=\"http:\/\/www.paradigma-it.de\/wp-content\/uploads\/2014\/02\/Roland_Binzen.jpg\" alt=\"\" width=\"219\" height=\"160\" class=\"alignleft size-full wp-image-9\" \/><\/td><td rowspan=\"2\" class=\"column-2\"><font size=\"+1\"><strong>Dipl.-Ing. Roland Binzen - Partner<\/strong><\/font><p style=\"text-align: justify;\">Roland Binzen besitzt \u00fcber 25 Jahre Erfahrung im Bereich der Informationstechnologie, seit Mitte des Jahres 2000 mit Fokus auf den Bereich der IT Sicherheit (Starke Authentisierung, Verschl\u00fcsselung von Daten, Penetration Testing).<br \/>\nSchon w\u00e4hrend des Studium an der Technischen Hochschule Darmstadt begann Roland Binzen seine T\u00e4tigkeit als Software-Entwickler um nach erfolgreichem Abschluss als Berater und sp\u00e4ter als Vertriebsingenieur bei internationalen Marktf\u00fchrern von Sicherheitssoftware und -hardware zu arbeiten.<\/p><\/td><td class=\"column-3\">Tel.:<br\/>Mobil:<br\/>Fax:<br\/>E-Mail:<\/td><td class=\"column-4\">+49 (6151) 1596 570<br\/>+49 (151) 1000 6118<br\/>+49 (3222) 3765 374<br\/><a href=\"mailto:Roland.Binzen@paradigma-it.de\">Roland.Binzen@paradigma-it.de<\/a><\/td>\n<\/tr>\n<tr class=\"row-3 odd\">\n\t<td colspan=\"2\" class=\"column-3\"><img src=\"http:\/\/www.paradigma-it.de\/wp-content\/uploads\/2014\/03\/rbi_qrcode.jpeg\" alt=\"VCF Code scannen?\" width=\"125\" height=\"125\" class=\"alignleft size-full wp-image-9\" \/><\/td>\n<\/tr>\n<tr class=\"row-4 even\">\n\t<td rowspan=\"2\" class=\"column-1\"><br><img src=\"http:\/\/www.paradigma-it.de\/wp-content\/uploads\/2016\/04\/Rainer_Rasche-e1460987366737.jpg\" alt=\"\" width=\"219\" height=\"160\" class=\"alignleft size-full wp-image-9\" \/><\/td><td rowspan=\"2\" class=\"column-2\"><font size=\"+1\"><strong>Reinhardt Rascher - IT-Support, Beratung<\/strong><\/font><p style=\"text-align: justify;\">Reinhardt Rascher ist seit April 2016 in Teilzeit f\u00fcr die Paradigma-IT t\u00e4tig. Seine Kernkompetenzen liegen im Bereich von Microsoft, VMware und Linux. <br>Auf Grund seiner gro\u00dfen Erfahrung als IT-Systemadministrator betreut Herr Rascher die Bereiche Infrastruktur (Microsoft, Linux) und Virtualisierung (VMware, Microsoft). F\u00fcr die Zukunft ist seine Mitwirkung im Bereich der IT-Sicherheitsprojekte geplant.<\/p><\/td><td class=\"column-3\">Tel.:<br\/>Mobil:<br\/>Fax:<br\/>E-Mail:<\/td><td class=\"column-4\">+49 (6151) 1596 570<br\/>+49 (xxx) xxxxxxxx<br\/>+49 (3222) 3765 374<br\/><a href=\"mailto:Reinhardt.Rascher@paradigma-it.de\">Reinhardt.Rascher@paradigma-it.de<\/a><\/td>\n<\/tr>\n<tr class=\"row-5 odd\">\n\t<td colspan=\"2\" class=\"column-3\"><\/td>\n<\/tr>\n<\/tbody>\n<\/table>\n<!-- #tablepress-3 from cache -->\n","protected":false},"excerpt":{"rendered":"","protected":false},"author":1,"featured_media":0,"parent":0,"menu_order":6,"comment_status":"closed","ping_status":"closed","template":"page-templates\/full-width.php","meta":[],"_links":{"self":[{"href":"http:\/\/www.paradigma-it.de\/index.php?rest_route=\/wp\/v2\/pages\/17"}],"collection":[{"href":"http:\/\/www.paradigma-it.de\/index.php?rest_route=\/wp\/v2\/pages"}],"about":[{"href":"http:\/\/www.paradigma-it.de\/index.php?rest_route=\/wp\/v2\/types\/page"}],"author":[{"embeddable":true,"href":"http:\/\/www.paradigma-it.de\/index.php?rest_route=\/wp\/v2\/users\/1"}],"replies":[{"embeddable":true,"href":"http:\/\/www.paradigma-it.de\/index.php?rest_route=%2Fwp%2Fv2%2Fcomments&post=17"}],"version-history":[{"count":11,"href":"http:\/\/www.paradigma-it.de\/index.php?rest_route=\/wp\/v2\/pages\/17\/revisions"}],"predecessor-version":[{"id":873,"href":"http:\/\/www.paradigma-it.de\/index.php?rest_route=\/wp\/v2\/pages\/17\/revisions\/873"}],"wp:attachment":[{"href":"http:\/\/www.paradigma-it.de\/index.php?rest_route=%2Fwp%2Fv2%2Fmedia&parent=17"}],"curies":[{"name":"wp","href":"https:\/\/api.w.org\/{rel}","templated":true}]}}