{"id":21,"date":"2014-02-08T19:53:44","date_gmt":"2014-02-08T17:53:44","guid":{"rendered":"http:\/\/www.paradigma-it.de\/wordpress\/?page_id=21"},"modified":"2014-03-24T16:41:45","modified_gmt":"2014-03-24T14:41:45","slug":"kontakt-2","status":"publish","type":"page","link":"http:\/\/www.paradigma-it.de\/?page_id=21","title":{"rendered":"KONTAKT"},"content":{"rendered":"\n<table id=\"tablepress-1\" class=\"tablepress tablepress-id-1\">\n<thead>\n<tr class=\"row-1 odd\">\n\t<th class=\"column-1\" style=\"width:20%;\"><font size=\"+1\"><b>BEREICH<\/b><\/font><\/th><th class=\"column-2\" style=\"width:50%;\"><font size=\"+1\"><b>FUNKTION<\/b><\/font><\/th><th colspan=\"2\" class=\"column-3\" style=\"width:30%;\"><font size=\"+1\"><b>KONTAKTDATEN<\/b><\/font><\/th>\n<\/tr>\n<\/thead>\n<tbody class=\"row-hover\">\n<tr class=\"row-2 even\">\n\t<td class=\"column-1\"><font size=\"+1\"><b>Zentrale<\/b><\/font><\/td><td class=\"column-2\">Empfang und Telefonzentrale<br\/>Organisatorische und administrative Aufgaben<\/td><td class=\"column-3\">Tel.:<br\/>Fax:<br\/>E-Mail:<\/td><td class=\"column-4\">+49 (6151) 1596 570<br\/>+49 (3222) 3765 374<br\/><a href=\"mailto:info@paradigma-it.de\">info@paradigma-it.de<\/a><\/td>\n<\/tr>\n<tr class=\"row-3 odd\">\n\t<td class=\"column-1\"><font size=\"+1\"><b>Support<\/b><\/font><br\/>(nur per Mail)<\/td><td class=\"column-2\">Aufnahme des Supportfalles, Eingangsbest\u00e4tigung, Bearbeitung gem\u00e4\u00df vertraglicher Vereinbarung.<br\/>Bitte geben Sie uns folgende Informationen:<br \/>\nProdukt, Nummer Supportvertrages<\/td><td class=\"column-3\">Tel.:<br\/>Fax:<br\/>E-Mail:<\/td><td class=\"column-4\"><br\/><br\/><a href=\"mailto:support@paradigma-it.de\">support@paradigma-it.de<\/a><\/td>\n<\/tr>\n<tr class=\"row-4 even\">\n\t<td class=\"column-1\"><font size=\"+1\"><b>Webmaster<\/b><\/font><br\/>(nur per Mail)<\/td><td class=\"column-2\">Fragen, Anregungen, Kritik zur Webseite<\/td><td class=\"column-3\">Tel.:<br\/>Fax:<br\/>E-Mail:<\/td><td class=\"column-4\"><br\/><br\/><a href=\"mailto:webmaster@paradigma-it.de\">webmaster@paradigma-it.de<\/a><\/td>\n<\/tr>\n<\/tbody>\n<\/table>\n<!-- #tablepress-1 from cache -->\n","protected":false},"excerpt":{"rendered":"","protected":false},"author":1,"featured_media":0,"parent":0,"menu_order":7,"comment_status":"closed","ping_status":"closed","template":"page-templates\/full-width.php","meta":[],"_links":{"self":[{"href":"http:\/\/www.paradigma-it.de\/index.php?rest_route=\/wp\/v2\/pages\/21"}],"collection":[{"href":"http:\/\/www.paradigma-it.de\/index.php?rest_route=\/wp\/v2\/pages"}],"about":[{"href":"http:\/\/www.paradigma-it.de\/index.php?rest_route=\/wp\/v2\/types\/page"}],"author":[{"embeddable":true,"href":"http:\/\/www.paradigma-it.de\/index.php?rest_route=\/wp\/v2\/users\/1"}],"replies":[{"embeddable":true,"href":"http:\/\/www.paradigma-it.de\/index.php?rest_route=%2Fwp%2Fv2%2Fcomments&post=21"}],"version-history":[{"count":28,"href":"http:\/\/www.paradigma-it.de\/index.php?rest_route=\/wp\/v2\/pages\/21\/revisions"}],"predecessor-version":[{"id":618,"href":"http:\/\/www.paradigma-it.de\/index.php?rest_route=\/wp\/v2\/pages\/21\/revisions\/618"}],"wp:attachment":[{"href":"http:\/\/www.paradigma-it.de\/index.php?rest_route=%2Fwp%2Fv2%2Fmedia&parent=21"}],"curies":[{"name":"wp","href":"https:\/\/api.w.org\/{rel}","templated":true}]}}