{"id":839,"date":"2018-03-07T12:59:28","date_gmt":"2018-03-07T10:59:28","guid":{"rendered":"http:\/\/www.paradigma-it.de\/?page_id=839"},"modified":"2025-11-18T09:21:27","modified_gmt":"2025-11-18T07:21:27","slug":"datenschutz","status":"publish","type":"page","link":"http:\/\/www.paradigma-it.de\/?page_id=839","title":{"rendered":"DATENSCHUTZ"},"content":{"rendered":"<h2><strong>Datenschutzerkl\u00e4rung<\/strong><\/h2>\n<p style=\"text-align: justify;\">Die Nutzung unserer Seite ist ohne eine Angabe von personenbezogenen Daten m\u00f6glich. F\u00fcr die Nutzung einzelner Services unserer Seite k\u00f6nnen sich hierf\u00fcr abweichende Regelungen ergeben, die in diesem Falle nachstehend gesondert erl\u00e4utert werden. Ihre personenbezogenen Daten (z.B. Name, Anschrift, E-Mail, Telefonnummer, u.\u00e4.) werden von uns nur gem\u00e4\u00df den Bestimmungen des deutschen Datenschutzrechts verarbeitet. Daten sind dann personenbezogen, wenn sie eindeutig einer bestimmten nat\u00fcrlichen Person zugeordnet werden k\u00f6nnen. Die rechtlichen Grundlagen des Datenschutzes finden Sie im Bundesdatenschutzgesetz (BDSG) und dem Telemediengesetz (TMG). Nachstehende Regelungen informieren Sie insoweit \u00fcber die Art, den Umfang und Zweck der Erhebung, die Nutzung und die Verarbeitung von personenbezogenen Daten durch den Anbieter.<\/p>\n<p>Dipl.-Ing. Roland Binzen<br \/>\nParadigma-IT<br \/>\nInselstra\u00dfe 14<br \/>\n64287 Darmstadt<br \/>\nTelefon +49 (6151) 15 96 570<br \/>\ninfo@paradigma-it.de<\/p>\n<p style=\"text-align: justify;\">Wir weisen darauf hin, dass die internetbasierte Daten\u00fcbertragung Sicherheitsl\u00fccken aufweist, ein l\u00fcckenloser Schutz vor Zugriffen durch Dritte somit unm\u00f6glich ist.<\/p>\n<p><strong>Serverdaten<\/strong><\/p>\n<p style=\"text-align: justify;\">Aus technischen Gr\u00fcnden werden u.a. folgende Daten, die Ihr Internet-Browser an uns bzw. an unseren Webspace-Provider \u00fcbermittelt, erfasst (sogenannte Serverlogfiles):<\/p>\n<p> &#8211; Browsertyp und -version<br \/>\n&#8211; verwendetes Betriebssystem<br \/>\n&#8211; Webseite, von der aus Sie uns besuchen (Referrer URL)<br \/>\n&#8211; Webseite, die Sie besuchen<br \/>\n&#8211; Datum und Uhrzeit Ihres Zugriffs<br \/>\n&#8211; Ihre Internet Protokoll (IP)-Adresse.<\/p>\n<p style=\"text-align: justify;\">Diese anonymen Daten werden getrennt von Ihren eventuell angegebenen personenbezogenen Daten gespeichert und lassen so keine R\u00fcckschl\u00fcsse auf eine bestimmte Person zu. Sie werden zu statistischen Zwecken ausgewertet, um unseren Internetauftritt und unsere Angebote optimieren zu k\u00f6nnen.<\/p>\n<p><strong>Auskunft\/Widerruf\/L\u00f6schung<\/strong><\/p>\n<p style=\"text-align: justify;\">Sie k\u00f6nnen sich aufgrund des Bundesdatenschutzgesetzes bei Fragen zur Erhebung, Verarbeitung oder Nutzung Ihrer personenbezogenen Daten und deren Berichtigung, Sperrung, L\u00f6schung oder einem Widerruf einer erteilten Einwilligung unentgeltlich an uns wenden. Wir weisen darauf hin, dass Ihnen ein Recht auf Berichtigung falscher Daten oder L\u00f6schung personenbezogener Daten zusteht, sollte diesem Anspruch keine gesetzliche Aufbewahrungspflicht entgegenstehen.<\/p>\n<p>(Muster-Datenschutzerkl\u00e4rung der Anwaltskanzlei Wei\u00df &amp; Partner)<\/p>\n","protected":false},"excerpt":{"rendered":"<p>Datenschutzerkl\u00e4rung Die Nutzung unserer Seite ist ohne eine Angabe von personenbezogenen Daten m\u00f6glich. F\u00fcr die Nutzung einzelner Services unserer Seite k\u00f6nnen sich hierf\u00fcr abweichende Regelungen ergeben, die in diesem Falle nachstehend gesondert erl\u00e4utert werden. Ihre personenbezogenen Daten (z.B. Name, Anschrift, E-Mail, Telefonnummer, u.\u00e4.) werden von uns nur gem\u00e4\u00df den Bestimmungen des deutschen Datenschutzrechts verarbeitet. Daten [&hellip;]<\/p>\n","protected":false},"author":1,"featured_media":0,"parent":0,"menu_order":9,"comment_status":"closed","ping_status":"open","template":"page-templates\/full-width.php","meta":[],"_links":{"self":[{"href":"http:\/\/www.paradigma-it.de\/index.php?rest_route=\/wp\/v2\/pages\/839"}],"collection":[{"href":"http:\/\/www.paradigma-it.de\/index.php?rest_route=\/wp\/v2\/pages"}],"about":[{"href":"http:\/\/www.paradigma-it.de\/index.php?rest_route=\/wp\/v2\/types\/page"}],"author":[{"embeddable":true,"href":"http:\/\/www.paradigma-it.de\/index.php?rest_route=\/wp\/v2\/users\/1"}],"replies":[{"embeddable":true,"href":"http:\/\/www.paradigma-it.de\/index.php?rest_route=%2Fwp%2Fv2%2Fcomments&post=839"}],"version-history":[{"count":6,"href":"http:\/\/www.paradigma-it.de\/index.php?rest_route=\/wp\/v2\/pages\/839\/revisions"}],"predecessor-version":[{"id":981,"href":"http:\/\/www.paradigma-it.de\/index.php?rest_route=\/wp\/v2\/pages\/839\/revisions\/981"}],"wp:attachment":[{"href":"http:\/\/www.paradigma-it.de\/index.php?rest_route=%2Fwp%2Fv2%2Fmedia&parent=839"}],"curies":[{"name":"wp","href":"https:\/\/api.w.org\/{rel}","templated":true}]}}