{"id":13,"date":"2014-02-08T19:51:44","date_gmt":"2014-02-08T17:51:44","guid":{"rendered":"http:\/\/www.paradigma-it.de\/wordpress\/?page_id=13"},"modified":"2014-02-24T21:01:23","modified_gmt":"2014-02-24T19:01:23","slug":"hersteller","status":"publish","type":"page","link":"https:\/\/www.paradigma-it.de\/?page_id=13","title":{"rendered":"HERSTELLER"},"content":{"rendered":"\n<table id=\"tablepress-6\" class=\"tablepress tablepress-id-6\">\n<thead>\n<tr class=\"row-1 odd\">\n\t<th class=\"column-1\" style=\"width:25%;\"><font size=\"+1\"><b>HERSTELLER<\/b><\/font><\/th><th class=\"column-2\" style=\"width:75%;\"><font size=\"+1\"><b>BESCHREIBUNG<\/b><\/font><\/th>\n<\/tr>\n<\/thead>\n<tbody class=\"row-hover\">\n<tr class=\"row-2 even\">\n\t<td class=\"column-1\"><a  target=\"_blank\" href=\"https:\/\/www.drivelock.de\/\"><img src=\"http:\/\/www.paradigma-it.de\/wp-content\/uploads\/2017\/03\/logo-e1490950509704.png\" alt=\"\" width=\"219\" height=\"49\" class=\"alignleft size-full wp-image-141\" \/><\/a><\/td><td class=\"column-2\"><p style=\"text-align: justify;\">Das deutsche Unternehmen DriveLock ist einer der international f\u00fchrenden Spezialisten f\u00fcr die IT- und Datensicherheit, ist Technologief\u00fchrer f\u00fcr Endpoint Security und Datenschutz und sch\u00fctzt sensible Daten in Unternehmen vor Missbrauch und Verlust ohne die Produktivit\u00e4t der Mitarbeiter zu beeintr\u00e4chtigen. Mit seiner End-Point-Security-L\u00f6sung DriveLock hat sich das Unternehmen weltweit einen Namen gemacht.<\/p><\/td>\n<\/tr>\n<tr class=\"row-3 odd\">\n\t<td class=\"column-1\"><a  target=\"_blank\" href=\"http:\/\/www.eset.com\/de\/business\"><img src=\"http:\/\/www.paradigma-it.de\/wp-content\/uploads\/2014\/03\/Partnerlogo_Bronze-e1395084458505.png\" alt=\"\" width=\"219\" height=\"89\" class=\"alignleft size-full wp-image-141\" \/><\/a><\/td><td class=\"column-2\"><p style=\"text-align: justify;\">Das 1992 gegr\u00fcndete Unternehmen ESET ist ein Hersteller von Sicherheitssoftware. ESETs mehrfach ausgezeichnete  NOD32\u00ae Technologie bietet f\u00fcr bereits mehr als 100 Millionen Anwender weltweit eine sichere digitale Welt. Bei ESET hat man es sich zur Aufgabe gemacht, leistungsstarke L\u00f6sungen f\u00fcr Heimanwender und Businesskunden zu entwickeln, die erstklassig gegen Viren, W\u00fcrmern, Trojanern, Rootkits und anderen Bedrohungen aus dem Netz sch\u00fctzen.<br \/>\n<\/p><\/td>\n<\/tr>\n<tr class=\"row-4 even\">\n\t<td class=\"column-1\"><a  target=\"_blank\" href=\"https:\/\/de.inwebo.com\/\"><img src=\"http:\/\/www.paradigma-it.de\/wp-content\/uploads\/2017\/03\/inwebo_logo-e1490950240916.png\" alt=\"2-Faktor Authentifizierung 2FA API\" width=\"219\" height=\"77\" class=\"alignleft size-full wp-image-141\" \/><\/a><\/td><td class=\"column-2\"><p style=\"text-align: justify;\">inWebo ist ein f\u00fchrender Hersteller von Authentifizierungsl\u00f6sungen und bietet Kunden, Mitgliedern und Mitarbeitern einen sicheren Zugriff auf VPN-, IAM-, Web-, Cloud- und IoT-Anwendungen. inWebo f\u00fcgt nahtlos eine zus\u00e4tzliche Sicherheitsebene ein und verwandelt Benutzerger\u00e4te wie Laptops, Mobiltelefone, Smartphones, Tablets und andere mobile Ger\u00e4te zu Token f\u00fcr eine starke Authentifizierung. Es verbindet auf einzigartiger Weise zertifizierte Sicherheitstechnologie mit einfacher Bedienung, Implementierung und Betrieb. inWebo ist stolz darauf Millionen von Identit\u00e4ten von globalen Organisationen zu sch\u00fctzen. Besuchen Sie uns auf www.inwebo.com und testen Sie unsere L\u00f6sung kostenlos. <\/p><\/td>\n<\/tr>\n<tr class=\"row-5 odd\">\n\t<td class=\"column-1\"><a target=\"_blank\" href=\"http:\/\/www.safenet-inc.de\"><img src=\"http:\/\/www.paradigma-it.de\/wp-content\/uploads\/2014\/02\/SafeNet_Logo-e1393324223283.png\" alt=\"\" width=\"219\" height=\"88\" class=\"alignleft size-full wp-image-141\" \/><\/a><\/td><td class=\"column-2\"><p style=\"text-align: justify;\">SafeNet, 1983 gegr\u00fcndet, ist weltweit einer der gr\u00f6\u00dften Anbieter im Bereich Informationssicherheit und sorgt zuverl\u00e4ssig f\u00fcr den Schutz sensibler Daten von f\u00fchrenden Unternehmen. Mit seinem datenorientierten Ansatz sch\u00fctzt SafeNet die wertvollsten Informationen \u00fcber den gesamten Lebenszyklus hinweg - vom Datencenter bis zur Cloud. Mehr als 25.000 Kunden in Unternehmen und Regierungsbeh\u00f6rden vertrauen auf SafeNet beim Schutz und der Kontrolle des Zugangs zu sensiblen Daten, beim Risikomanagement, bei der Einhaltung gesetzlicher Vorschriften sowie bei der Sicherung von virtuellen und Cloud-Umgebungen.<\/p><\/td>\n<\/tr>\n<tr class=\"row-6 even\">\n\t<td class=\"column-1\"><a target=\"_blank\" href=\"http:\/\/www.smartdisplayer.com\/\"><img src=\"http:\/\/www.paradigma-it.de\/wp-content\/uploads\/2014\/03\/SmartDisplayer_logo.jpg\" alt=\"\" width=\"219\" height=\"63\" class=\"alignleft size-full wp-image-141\" \/><\/a><\/td><td class=\"column-2\"><p style=\"text-align: justify;\">SmartDisplayer has been working with authentication solution providers and EMV card manufacturers throughout the world for years, enabling them to provide top notch products to meet the ever-changing needs in the strong authentication market. SmartDisplayer created the first flexible display panel embedded in ISO complaint cards. The leading technology in integrating Electronic Paper Display (EPD) with System on Chip (SOC) has won them 2005 SID Gold Award. SmartDisplayer is committed to delivery of world class DisplayCard solutions. <\/p><\/td>\n<\/tr>\n<tr class=\"row-7 odd\">\n\t<td class=\"column-1\"><a target=\"_blank\" href=\"http:\/\/www.sophos.com\/de-de\"><img src=\"http:\/\/www.paradigma-it.de\/wp-content\/uploads\/2014\/02\/sophos_logo_PA4_rgb-e1393323799560.png\" alt=\"\" width=\"219\" height=\"37\" class=\"alignleft size-full wp-image-141\" \/><\/a><\/td><td class=\"column-2\"><p style=\"text-align: justify;\">Sophos ist ein Hersteller von L\u00f6sungen in den Bereichen Endpoint Security, Verschl\u00fcsselung von Daten, E-Mail Security und vielem mehr. \u00dcber 100 Mio. Anwender nutzen Sophos L\u00f6sungen zum Schutz ihrer vertraulichen Daten. Auf Grund seines umfassenden Produktportfolios und seinen mehr als 20 Jahren Erfahrung stellt Sophos einen der bedeutesten Markf\u00fchrer von innovativen IT Sicherheitsl\u00f6sungen dar. Die Zentralen von Sophos befinden sich in den USA (Boston) bzw. im UK (Oxford).<\/p><\/td>\n<\/tr>\n<tr class=\"row-8 even\">\n\t<td class=\"column-1\"><a target=\"_blank\" href=\"http:\/\/www.pc-loc.de\"><img src=\"http:\/\/www.paradigma-it.de\/wp-content\/uploads\/2014\/02\/TERRA_Logo_Original1-e1393444344250.jpg\" alt=\"\" width=\"219\" height=\"72\" class=\"alignleft size-full wp-image-141\" \/><\/a><\/td><td class=\"column-2\"><p style=\"text-align: justify;\">TeraTron konzipiert, entwickelt und fertigt Elektronik, die in Ihrem Unternehmen automatisiert daf\u00fcr sorgt, dass Ihre Mitarbeiter, Ihre Daten, Ihre Produktionsmittel und Ihre Arbeitsprozesse gesichert und gesch\u00fctzt werden \u2013 und dass Sie zu jeder Zeit wissen, wo wer oder was gerade zu finden ist.<\/p><\/td>\n<\/tr>\n<tr class=\"row-9 odd\">\n\t<td class=\"column-1\"><a target=\"_blank\" href=\"http:\/\/www.wortmann.de\"><img src=\"http:\/\/www.paradigma-it.de\/wp-content\/uploads\/2014\/02\/Wortmann_Logo-e1393266638179.jpg\" alt=\"\" width=\"219\" height=\"33\" class=\"alignleft size-full wp-image-141\" \/><\/a><\/td><td class=\"column-2\"><p style=\"text-align: justify;\">Die WORTMANN AG stellt Business-PCs und Server her die sich durch ihre hohe Qualit\u00e4t und einen ausgezeichneten Service \/ Vor-Ort-Service auszeichen. Das deutsche Unternehmen mit Sitz in Schnathorst \/ Nordrhein-Westfalen gilt als einer der gr\u00f6\u00dften Computerhersteller in Europa. Die WORTMANN AG ist Hersteller der Eigenmarke TERRA und vertreibt ausschlie\u00dflich indirekt \u00fcber Systemh\u00e4user und Fachh\u00e4ndler. <br \/>\n<\/p><\/td>\n<\/tr>\n<tr class=\"row-10 even\">\n\t<td class=\"column-1\"><a target=\"_blank\" href=\"http:\/\/www.yubico.com\"><img src=\"http:\/\/www.paradigma-it.de\/wp-content\/uploads\/2014\/02\/Yubico-Logo-Small-e1393242675270.png\" alt=\"\" width=\"219\" height=\"62\" class=\"alignleft size-full wp-image-141\" \/><\/a><\/td><td class=\"column-2\"><p style=\"text-align: justify;\">Die Firma Yubico bietet L\u00f6sungen zur OTP-basierten Zwei-Faktor-Authentifizierung an. Der YubiKey ist als reiner OTP-Token aber auch mit Unterst\u00fctzung von RFID oder NFC zu erhalten. Mehr als 10.000 Kunden und ca. eine Million Nutzer in 85 L\u00e4ndern nutzen bereits den YubiKey zur Starken Authentisierung. Weiterhin bietet Yubico das YubiHSM als ein Hardware Security Module (HSM) zur sicheren Speicherung von Schl\u00fcsselmaterial an. <\/p><\/td>\n<\/tr>\n<\/tbody>\n<\/table>\n<!-- #tablepress-6 from cache -->\n","protected":false},"excerpt":{"rendered":"","protected":false},"author":1,"featured_media":0,"parent":0,"menu_order":4,"comment_status":"closed","ping_status":"closed","template":"page-templates\/full-width.php","meta":[],"_links":{"self":[{"href":"https:\/\/www.paradigma-it.de\/index.php?rest_route=\/wp\/v2\/pages\/13"}],"collection":[{"href":"https:\/\/www.paradigma-it.de\/index.php?rest_route=\/wp\/v2\/pages"}],"about":[{"href":"https:\/\/www.paradigma-it.de\/index.php?rest_route=\/wp\/v2\/types\/page"}],"author":[{"embeddable":true,"href":"https:\/\/www.paradigma-it.de\/index.php?rest_route=\/wp\/v2\/users\/1"}],"replies":[{"embeddable":true,"href":"https:\/\/www.paradigma-it.de\/index.php?rest_route=%2Fwp%2Fv2%2Fcomments&post=13"}],"version-history":[{"count":6,"href":"https:\/\/www.paradigma-it.de\/index.php?rest_route=\/wp\/v2\/pages\/13\/revisions"}],"predecessor-version":[{"id":449,"href":"https:\/\/www.paradigma-it.de\/index.php?rest_route=\/wp\/v2\/pages\/13\/revisions\/449"}],"wp:attachment":[{"href":"https:\/\/www.paradigma-it.de\/index.php?rest_route=%2Fwp%2Fv2%2Fmedia&parent=13"}],"curies":[{"name":"wp","href":"https:\/\/api.w.org\/{rel}","templated":true}]}}